{"id":228,"date":"2019-06-12T07:44:45","date_gmt":"2019-06-12T07:44:45","guid":{"rendered":"https:\/\/themes.getmotopress.com\/luviana\/?page_id=228"},"modified":"2020-03-10T08:30:15","modified_gmt":"2020-03-10T08:30:15","slug":"vulkaneifel-therme","status":"publish","type":"page","link":"https:\/\/www.hotel-haus-christa.de\/nl\/vulkaneifel-therme\/","title":{"rendered":"Vulkaneifel Therme"},"content":{"rendered":"<div class=\"wp-block-getwid-section alignfull getwid-margin-top-none getwid-margin-bottom-none\"><div class=\"wp-block-getwid-section__wrapper getwid-padding-top-none getwid-padding-bottom-none getwid-padding-left-medium getwid-padding-right-medium getwid-padding-mobile-left-small getwid-padding-mobile-right-small\"><div class=\"wp-block-getwid-section__inner-wrapper\"><div class=\"wp-block-getwid-section__background-holder\"><div class=\"wp-block-getwid-section__background\"><\/div><div class=\"wp-block-getwid-section__foreground\"><\/div><\/div><div class=\"wp-block-getwid-section__content\"><div class=\"wp-block-getwid-section__inner-content\">\n<div class=\"wp-block-columns has-2-columns is-layout-flex wp-container-core-columns-is-layout-9d6595d7 wp-block-columns-is-layout-flex\">\n<div class=\"wp-block-column is-layout-flow wp-block-column-is-layout-flow\">\n<div class=\"wp-block-getwid-advanced-heading is-style-style-1 has-custom-font-size\" style=\"font-size:12px;margin-bottom:0px\"><p class=\"wp-block-getwid-advanced-heading__content\" style=\"letter-spacing:0.1em\"> Natuur &amp; ontspanning in harmonie!<\/p><\/div>\n\n\n\n<div class=\"wp-block-getwid-advanced-heading is-style-default\" style=\"margin-top:10px\"><h2 class=\"wp-block-getwid-advanced-heading__content\">Viel Raum f\u00fcrs Ich in Deutschlands einziger Glaubersalztherme <\/h2><\/div>\n\n\n\n<p>\n\nErleben Sie Wellness pur in einer Gesundheitswelt mit viel Platz zum Abtauchen und Auftanken. Im heilenden Thermalwasser. Beim Wegschmelzen in einer der vier Erlebnissaunen. Und bei Wellnessbehandlungen, die keine Wu\u0308nsche offen lassen.<\/p>\n\n\n\n<p>Auf zwei Etagen schafft die von Holz, Glas und Stein gepr\u00e4gte Architektur eine Erlebnis- und Gesundheitswelt in einer v\u00f6llig neuen Dimension. Mit viel Platz f\u00fcr wohltuende Entspannung und ausgiebiges Badevergn\u00fcgen im heilenden Thermalwasser.<br><\/p>\n\n\n\n<div class=\"wp-block-button is-style-default\"><a class=\"wp-block-button__link\" href=\"https:\/\/www.vulkaneifeltherme.de\/\" target=\"_blank\" rel=\"noreferrer noopener\">verder lesen<\/a><\/div>\n<\/div>\n\n\n\n<div class=\"wp-block-column is-layout-flow wp-block-column-is-layout-flow\">\n<div class=\"wp-block-getwid-images-stack is-layout-delta\"><div class=\"wp-block-getwid-images-stack__wrapper\"><div class=\"wp-block-getwid-images-stack__chunk\"><div class=\"wp-block-getwid-images-stack__media-wrapper\"><div class=\"wp-block-getwid-images-stack__media-inner-wrapper\"><img fetchpriority=\"high\" decoding=\"async\" width=\"1280\" height=\"853\" class=\"wp-block-getwid-images-stack__media wp-image-1248\" src=\"https:\/\/www.hotel-haus-christa.de\/wp-content\/uploads\/2019\/06\/fun-1850709_1280.jpg\" data-id=\"1248\" data-link=\"https:\/\/www.hotel-haus-christa.de\/wie-ein-fisch-im-wasser\/fun-1850709_1280\/\" srcset=\"https:\/\/www.hotel-haus-christa.de\/wp-content\/uploads\/2019\/06\/fun-1850709_1280.jpg 1280w, https:\/\/www.hotel-haus-christa.de\/wp-content\/uploads\/2019\/06\/fun-1850709_1280-300x200.jpg 300w, https:\/\/www.hotel-haus-christa.de\/wp-content\/uploads\/2019\/06\/fun-1850709_1280-1024x682.jpg 1024w, https:\/\/www.hotel-haus-christa.de\/wp-content\/uploads\/2019\/06\/fun-1850709_1280-768x512.jpg 768w, https:\/\/www.hotel-haus-christa.de\/wp-content\/uploads\/2019\/06\/fun-1850709_1280-1170x780.jpg 1170w\" sizes=\"(max-width: 1280px) 100vw, 1280px\" \/><\/div><\/div><div class=\"wp-block-getwid-images-stack__media-wrapper\"><div class=\"wp-block-getwid-images-stack__media-inner-wrapper\"><img decoding=\"async\" width=\"1600\" height=\"720\" class=\"wp-block-getwid-images-stack__media wp-image-1177\" src=\"https:\/\/www.hotel-haus-christa.de\/wp-content\/uploads\/2019\/06\/Vulkaneifeltherme_Panorama1.jpg\" data-id=\"1177\" data-link=\"https:\/\/www.hotel-haus-christa.de\/schnuppertage-in-der-vulkaneifel-therme\/vulkaneifeltherme_panorama1\/\" srcset=\"https:\/\/www.hotel-haus-christa.de\/wp-content\/uploads\/2019\/06\/Vulkaneifeltherme_Panorama1.jpg 1600w, https:\/\/www.hotel-haus-christa.de\/wp-content\/uploads\/2019\/06\/Vulkaneifeltherme_Panorama1-300x135.jpg 300w, https:\/\/www.hotel-haus-christa.de\/wp-content\/uploads\/2019\/06\/Vulkaneifeltherme_Panorama1-1024x461.jpg 1024w, https:\/\/www.hotel-haus-christa.de\/wp-content\/uploads\/2019\/06\/Vulkaneifeltherme_Panorama1-768x346.jpg 768w, https:\/\/www.hotel-haus-christa.de\/wp-content\/uploads\/2019\/06\/Vulkaneifeltherme_Panorama1-1536x691.jpg 1536w, https:\/\/www.hotel-haus-christa.de\/wp-content\/uploads\/2019\/06\/Vulkaneifeltherme_Panorama1-1170x527.jpg 1170w\" sizes=\"(max-width: 1600px) 100vw, 1600px\" \/><\/div><\/div><div class=\"wp-block-getwid-images-stack__media-wrapper\"><div class=\"wp-block-getwid-images-stack__media-inner-wrapper\"><img decoding=\"async\" width=\"1600\" height=\"1065\" class=\"wp-block-getwid-images-stack__media wp-image-1176\" src=\"https:\/\/www.hotel-haus-christa.de\/wp-content\/uploads\/2019\/06\/Therme-2010.jpg\" data-id=\"1176\" data-link=\"https:\/\/www.hotel-haus-christa.de\/schnuppertage-in-der-vulkaneifel-therme\/therme-2010-2\/\" srcset=\"https:\/\/www.hotel-haus-christa.de\/wp-content\/uploads\/2019\/06\/Therme-2010.jpg 1600w, https:\/\/www.hotel-haus-christa.de\/wp-content\/uploads\/2019\/06\/Therme-2010-300x200.jpg 300w, https:\/\/www.hotel-haus-christa.de\/wp-content\/uploads\/2019\/06\/Therme-2010-1024x682.jpg 1024w, https:\/\/www.hotel-haus-christa.de\/wp-content\/uploads\/2019\/06\/Therme-2010-768x511.jpg 768w, https:\/\/www.hotel-haus-christa.de\/wp-content\/uploads\/2019\/06\/Therme-2010-1536x1022.jpg 1536w, https:\/\/www.hotel-haus-christa.de\/wp-content\/uploads\/2019\/06\/Therme-2010-1170x779.jpg 1170w\" sizes=\"(max-width: 1600px) 100vw, 1600px\" \/><\/div><\/div><\/div><\/div><\/div>\n<\/div>\n<\/div>\n<\/div><\/div><\/div><\/div><\/div>\n\n\n\n<div class=\"wp-block-getwid-section alignfull getwid-margin-top-none getwid-margin-bottom-none\"><div class=\"wp-block-getwid-section__wrapper getwid-padding-top-normal getwid-padding-bottom-normal getwid-padding-left-medium getwid-padding-right-medium getwid-padding-mobile-left-small getwid-padding-mobile-right-small\"><div class=\"wp-block-getwid-section__inner-wrapper\"><div class=\"wp-block-getwid-section__background-holder\"><div class=\"wp-block-getwid-section__background\"><\/div><div class=\"wp-block-getwid-section__foreground\"><\/div><\/div><div class=\"wp-block-getwid-section__content\"><div class=\"wp-block-getwid-section__inner-content\"><\/div><\/div><\/div><\/div><\/div>","protected":false},"excerpt":{"rendered":"","protected":false},"author":2,"featured_media":1177,"parent":0,"menu_order":0,"comment_status":"closed","ping_status":"closed","template":"","meta":{"inline_featured_image":false,"footnotes":""},"class_list":["post-228","page","type-page","status-publish","has-post-thumbnail","hentry"],"_links":{"self":[{"href":"https:\/\/www.hotel-haus-christa.de\/nl\/wp-json\/wp\/v2\/pages\/228","targetHints":{"allow":["GET"]}}],"collection":[{"href":"https:\/\/www.hotel-haus-christa.de\/nl\/wp-json\/wp\/v2\/pages"}],"about":[{"href":"https:\/\/www.hotel-haus-christa.de\/nl\/wp-json\/wp\/v2\/types\/page"}],"author":[{"embeddable":true,"href":"https:\/\/www.hotel-haus-christa.de\/nl\/wp-json\/wp\/v2\/users\/2"}],"replies":[{"embeddable":true,"href":"https:\/\/www.hotel-haus-christa.de\/nl\/wp-json\/wp\/v2\/comments?post=228"}],"version-history":[{"count":0,"href":"https:\/\/www.hotel-haus-christa.de\/nl\/wp-json\/wp\/v2\/pages\/228\/revisions"}],"wp:featuredmedia":[{"embeddable":true,"href":"https:\/\/www.hotel-haus-christa.de\/nl\/wp-json\/wp\/v2\/media\/1177"}],"wp:attachment":[{"href":"https:\/\/www.hotel-haus-christa.de\/nl\/wp-json\/wp\/v2\/media?parent=228"}],"curies":[{"name":"wp","href":"https:\/\/api.w.org\/{rel}","templated":true}]}}