{"id":358,"date":"2019-07-10T14:40:32","date_gmt":"2019-07-10T14:40:32","guid":{"rendered":"https:\/\/themes.getmotopress.com\/luviana\/?page_id=358"},"modified":"2020-04-01T10:41:33","modified_gmt":"2020-04-01T10:41:33","slug":"umgebung","status":"publish","type":"page","link":"https:\/\/www.hotel-haus-christa.de\/nl\/home\/umgebung\/","title":{"rendered":"Omgeving"},"content":{"rendered":"<p> Eine \u00dcbernachtung in unserem Hotel mit anschliessendem Besuch in Bad Bertrich zeigt Ihnen, dass unser Ort ein wahrer Erholungspunkt ist, f\u00fcr Besucher aus der Stadt.<\/p>\n\n\n\n<!--more-->\n\n\n\n<div class=\"wp-block-getwid-advanced-heading\"><h3 class=\"wp-block-getwid-advanced-heading__content\" style=\"text-align:center\"> Einzige Glaubersalztherme Deutschlands, Wein, Maare, Vulkane und mehr &#8230; <\/h3><\/div>\n\n\n\n<p>  Sehensw\u00fcrdigkeiten und Anziehungspunkte gibt es genug rund um Bad Bertrich als Ausgangspunkt. Nicht nur die Landschaften und Orte sind einen Ausflug wert. <\/p>\n\n\n\n<div style=\"height:50px\" aria-hidden=\"true\" class=\"wp-block-spacer\"><\/div>\n\n\n\n<div class=\"wp-block-getwid-section alignfull getwid-margin-top-none getwid-margin-bottom-none\"><div class=\"wp-block-getwid-section__wrapper getwid-padding-top-none getwid-padding-bottom-normal getwid-padding-left-medium getwid-padding-right-medium getwid-padding-mobile-left-small getwid-padding-mobile-right-small\"><div class=\"wp-block-getwid-section__inner-wrapper\"><div class=\"wp-block-getwid-section__background-holder\"><div class=\"wp-block-getwid-section__background\"><\/div><div class=\"wp-block-getwid-section__foreground\"><\/div><\/div><div class=\"wp-block-getwid-section__content\"><div class=\"wp-block-getwid-section__inner-content\">\n<div class=\"wp-block-columns has-3-columns is-layout-flex wp-container-core-columns-is-layout-9d6595d7 wp-block-columns-is-layout-flex\">\n<div class=\"wp-block-column is-layout-flow wp-block-column-is-layout-flow\">\n<div class=\"wp-block-getwid-icon-box has-text-center\"><div style=\"margin-bottom:0px\" class=\"wp-block-getwid-icon-box__icon-container is-position-top\"><div class=\"wp-block-getwid-icon-box__icon-wrapper has-text-color has-gold-color\" style=\"font-size:60px;padding:0px\"><i class=\"hotel-ico hotel-icon-01\"><\/i><\/div><\/div><div class=\"wp-block-getwid-icon-box__content\">\n<div class=\"wp-block-getwid-advanced-heading\" style=\"margin-bottom:20px\"><h4 class=\"wp-block-getwid-advanced-heading__content\">Wandelpaden<\/h4><\/div>\n\n\n\n<p>Schier unendliche Wanderwege und Klettersteige rund um Bad Bertrich und der Mosel<\/p>\n<\/div><\/div>\n<\/div>\n\n\n\n<div class=\"wp-block-column is-layout-flow wp-block-column-is-layout-flow\">\n<div class=\"wp-block-getwid-icon-box has-text-center\"><div style=\"margin-bottom:0px\" class=\"wp-block-getwid-icon-box__icon-container is-position-top\"><div class=\"wp-block-getwid-icon-box__icon-wrapper has-text-color has-gold-color\" style=\"font-size:60px;padding:0px\"><i class=\"hotel-ico hotel-icon-17\"><\/i><\/div><\/div><div class=\"wp-block-getwid-icon-box__content\">\n<div class=\"wp-block-getwid-advanced-heading\" style=\"margin-bottom:20px\"><h4 class=\"wp-block-getwid-advanced-heading__content\">Weinproben<\/h4><\/div>\n\n\n\n<p>Weinproben an einer der vielen Weing\u00fcter an der Mosel<\/p>\n<\/div><\/div>\n<\/div>\n\n\n\n<div class=\"wp-block-column is-layout-flow wp-block-column-is-layout-flow\">\n<div class=\"wp-block-getwid-icon-box has-text-center\"><div style=\"margin-bottom:0px\" class=\"wp-block-getwid-icon-box__icon-container is-position-top\"><div class=\"wp-block-getwid-icon-box__icon-wrapper has-text-color has-gold-color\" style=\"font-size:60px;padding:0px\"><i class=\"beach-icons icon-04\"><\/i><\/div><\/div><div class=\"wp-block-getwid-icon-box__content\">\n<div class=\"wp-block-getwid-advanced-heading\" style=\"margin-bottom:20px\"><h4 class=\"wp-block-getwid-advanced-heading__content\">Ferien<\/h4><\/div>\n\n\n\n<p> Ferien-, Freizeit- und Tierparks <\/p>\n<\/div><\/div>\n<\/div>\n<\/div>\n<\/div><\/div><\/div><\/div><\/div>\n\n\n\n<div class=\"wp-block-getwid-section alignfull getwid-margin-top-none getwid-margin-bottom-none\"><div class=\"wp-block-getwid-section__wrapper getwid-padding-top-none getwid-padding-left-medium getwid-padding-right-medium getwid-padding-mobile-left-small getwid-padding-mobile-right-small\" style=\"padding-bottom:24px\"><div class=\"wp-block-getwid-section__inner-wrapper\"><div class=\"wp-block-getwid-section__background-holder\"><div class=\"wp-block-getwid-section__background\"><\/div><div class=\"wp-block-getwid-section__foreground\"><\/div><\/div><div class=\"wp-block-getwid-section__content\"><div class=\"wp-block-getwid-section__inner-content\">\n<div class=\"wp-block-columns has-2-columns is-layout-flex wp-container-core-columns-is-layout-9d6595d7 wp-block-columns-is-layout-flex\">\n<div class=\"wp-block-column is-layout-flow wp-block-column-is-layout-flow\">\n<div class=\"wp-block-getwid-banner has-animation-style4 has-text-animation-opacity-bottom has-foreground-30\"><a href=\"https:\/\/www.hotel-haus-christa.de\/nl\/vulkaneifel-therme\/\" class=\"wp-block-getwid-banner__link\"><div class=\"wp-block-getwid-banner__wrapper\"><img fetchpriority=\"high\" decoding=\"async\" width=\"1600\" height=\"1065\" src=\"https:\/\/www.hotel-haus-christa.de\/wp-content\/uploads\/2020\/03\/Therme-2010.jpg\" alt=\"\" class=\"wp-block-getwid-banner__image wp-block-getwid-banner__source wp-image-1113\" srcset=\"https:\/\/www.hotel-haus-christa.de\/wp-content\/uploads\/2020\/03\/Therme-2010.jpg 1600w, https:\/\/www.hotel-haus-christa.de\/wp-content\/uploads\/2020\/03\/Therme-2010-300x200.jpg 300w, https:\/\/www.hotel-haus-christa.de\/wp-content\/uploads\/2020\/03\/Therme-2010-1024x682.jpg 1024w, https:\/\/www.hotel-haus-christa.de\/wp-content\/uploads\/2020\/03\/Therme-2010-768x511.jpg 768w, https:\/\/www.hotel-haus-christa.de\/wp-content\/uploads\/2020\/03\/Therme-2010-1536x1022.jpg 1536w, https:\/\/www.hotel-haus-christa.de\/wp-content\/uploads\/2020\/03\/Therme-2010-1170x779.jpg 1170w\" sizes=\"(max-width: 1600px) 100vw, 1600px\" \/><div class=\"wp-block-getwid-banner__caption\"><div class=\"wp-block-getwid-banner__caption-wrapper\"><span class=\"wp-block-getwid-banner__title\"> Vulkan-Eifel Therme <\/span><p class=\"wp-block-getwid-banner__text\">Einzige Glaubersalztherme Deutschlands &#8211; die Vulkan-Eifel Therme in Bad Bertrich<\/p><\/div><\/div><\/div><\/a><\/div>\n<\/div>\n\n\n\n<div class=\"wp-block-column is-layout-flow wp-block-column-is-layout-flow\">\n<div class=\"wp-block-getwid-banner has-animation-style4 has-text-animation-opacity-bottom has-foreground-20\"><a href=\"https:\/\/www.hotel-haus-christa.de\/nl\/bad-bertrich\/\" class=\"wp-block-getwid-banner__link\"><div class=\"wp-block-getwid-banner__wrapper\"><img decoding=\"async\" width=\"1600\" height=\"1200\" src=\"https:\/\/www.hotel-haus-christa.de\/wp-content\/uploads\/2020\/03\/R\u00f6merkessel-00004.jpg\" alt=\"\" class=\"wp-block-getwid-banner__image wp-block-getwid-banner__source wp-image-1115\" srcset=\"https:\/\/www.hotel-haus-christa.de\/wp-content\/uploads\/2020\/03\/R\u00f6merkessel-00004.jpg 1600w, https:\/\/www.hotel-haus-christa.de\/wp-content\/uploads\/2020\/03\/R\u00f6merkessel-00004-300x225.jpg 300w, https:\/\/www.hotel-haus-christa.de\/wp-content\/uploads\/2020\/03\/R\u00f6merkessel-00004-1024x768.jpg 1024w, https:\/\/www.hotel-haus-christa.de\/wp-content\/uploads\/2020\/03\/R\u00f6merkessel-00004-768x576.jpg 768w, https:\/\/www.hotel-haus-christa.de\/wp-content\/uploads\/2020\/03\/R\u00f6merkessel-00004-1536x1152.jpg 1536w, https:\/\/www.hotel-haus-christa.de\/wp-content\/uploads\/2020\/03\/R\u00f6merkessel-00004-1170x878.jpg 1170w\" sizes=\"(max-width: 1600px) 100vw, 1600px\" \/><div class=\"wp-block-getwid-banner__caption\"><div class=\"wp-block-getwid-banner__caption-wrapper\"><span class=\"wp-block-getwid-banner__title\">Landschaftstherapiepark<\/span><p class=\"wp-block-getwid-banner__text\">Der erste Landschaftstherapeutische Park Europas mit seinen 7 G\u00e4rten und 7 Atmosph\u00e4reb\u00e4der<\/p><\/div><\/div><\/div><\/a><\/div>\n<\/div>\n<\/div>\n<\/div><\/div><\/div><\/div><\/div>\n\n\n\n<div class=\"wp-block-getwid-section alignfull getwid-margin-top-none getwid-margin-bottom-none\"><div class=\"wp-block-getwid-section__wrapper getwid-padding-top-large getwid-padding-bottom-none getwid-padding-left-medium getwid-padding-right-medium getwid-padding-mobile-left-small getwid-padding-mobile-right-small\"><div class=\"wp-block-getwid-section__inner-wrapper\"><div class=\"wp-block-getwid-section__background-holder\"><div class=\"wp-block-getwid-section__background\"><\/div><div class=\"wp-block-getwid-section__foreground\"><\/div><\/div><div class=\"wp-block-getwid-section__content\"><div class=\"wp-block-getwid-section__inner-content\">\n<div class=\"wp-block-columns alignwide has-2-columns is-layout-flex wp-container-core-columns-is-layout-9d6595d7 wp-block-columns-is-layout-flex\">\n<div class=\"wp-block-column is-layout-flow wp-block-column-is-layout-flow\">\n<div class=\"wp-block-getwid-section\"><div class=\"wp-block-getwid-section__wrapper getwid-padding-top-none getwid-padding-bottom-none getwid-padding-left-none getwid-padding-tablet-right-none\" style=\"padding-right:30px\"><div class=\"wp-block-getwid-section__inner-wrapper\"><div class=\"wp-block-getwid-section__background-holder\"><div class=\"wp-block-getwid-section__background\"><\/div><div class=\"wp-block-getwid-section__foreground\"><\/div><\/div><div class=\"wp-block-getwid-section__content\"><div class=\"wp-block-getwid-section__inner-content\">\n<div class=\"wp-block-getwid-advanced-heading is-style-style-1 has-custom-font-size\" style=\"font-size:12px;margin-bottom:10px\"><p class=\"wp-block-getwid-advanced-heading__content\" style=\"text-transform:uppercase;letter-spacing:1px\">Sch\u00f6ne Orte<\/p><\/div>\n\n\n\n<div class=\"wp-block-getwid-advanced-heading is-style-default\" style=\"margin-bottom:30px\"><h2 class=\"wp-block-getwid-advanced-heading__content\" style=\"text-transform:none;letter-spacing:1px\">Die Reichsburg Cochem<\/h2><\/div>\n\n\n\n<p>Die Mosel mit z. B. dem Touristenmagnet Cochem und der Reichsburg<\/p>\n\n\n\n<div style=\"height:20px\" aria-hidden=\"true\" class=\"wp-block-spacer\"><\/div>\n<\/div><\/div><\/div><\/div><\/div>\n<\/div>\n\n\n\n<div class=\"wp-block-column is-layout-flow wp-block-column-is-layout-flow\">\n<div class=\"wp-block-getwid-images-stack is-layout-delta\"><div class=\"wp-block-getwid-images-stack__wrapper\"><div class=\"wp-block-getwid-images-stack__chunk\"><div class=\"wp-block-getwid-images-stack__media-wrapper\"><div class=\"wp-block-getwid-images-stack__media-inner-wrapper\"><img decoding=\"async\" width=\"640\" height=\"480\" class=\"wp-block-getwid-images-stack__media wp-image-1118\" src=\"https:\/\/www.hotel-haus-christa.de\/wp-content\/uploads\/2020\/03\/castle-280814_640.jpg\" data-id=\"1118\" data-link=\"https:\/\/www.hotel-haus-christa.de\/home\/umgebung\/castle-280814_640\/\" srcset=\"https:\/\/www.hotel-haus-christa.de\/wp-content\/uploads\/2020\/03\/castle-280814_640.jpg 640w, https:\/\/www.hotel-haus-christa.de\/wp-content\/uploads\/2020\/03\/castle-280814_640-300x225.jpg 300w\" sizes=\"(max-width: 640px) 100vw, 640px\" \/><\/div><\/div><div class=\"wp-block-getwid-images-stack__media-wrapper\"><div class=\"wp-block-getwid-images-stack__media-inner-wrapper\"><img loading=\"lazy\" decoding=\"async\" width=\"426\" height=\"640\" class=\"wp-block-getwid-images-stack__media wp-image-1119\" src=\"https:\/\/www.hotel-haus-christa.de\/wp-content\/uploads\/2020\/03\/castle-2651868_640.jpg\" data-id=\"1119\" data-link=\"https:\/\/www.hotel-haus-christa.de\/home\/umgebung\/castle-2651868_640\/\" srcset=\"https:\/\/www.hotel-haus-christa.de\/wp-content\/uploads\/2020\/03\/castle-2651868_640.jpg 426w, https:\/\/www.hotel-haus-christa.de\/wp-content\/uploads\/2020\/03\/castle-2651868_640-200x300.jpg 200w\" sizes=\"(max-width: 426px) 100vw, 426px\" \/><\/div><\/div><div class=\"wp-block-getwid-images-stack__media-wrapper\"><div class=\"wp-block-getwid-images-stack__media-inner-wrapper\"><img loading=\"lazy\" decoding=\"async\" width=\"640\" height=\"360\" class=\"wp-block-getwid-images-stack__media wp-image-1120\" src=\"https:\/\/www.hotel-haus-christa.de\/wp-content\/uploads\/2020\/03\/reichsburg-cochem-270472_640.jpg\" data-id=\"1120\" data-link=\"https:\/\/www.hotel-haus-christa.de\/home\/umgebung\/reichsburg-cochem-270472_640\/\" srcset=\"https:\/\/www.hotel-haus-christa.de\/wp-content\/uploads\/2020\/03\/reichsburg-cochem-270472_640.jpg 640w, https:\/\/www.hotel-haus-christa.de\/wp-content\/uploads\/2020\/03\/reichsburg-cochem-270472_640-300x169.jpg 300w\" sizes=\"(max-width: 640px) 100vw, 640px\" \/><\/div><\/div><\/div><\/div><\/div>\n<\/div>\n<\/div>\n\n\n\n<div class=\"wp-block-getwid-advanced-spacer\" style=\"height:100px\" aria-hidden=\"true\"><\/div>\n\n\n\n<div class=\"wp-block-columns has-2-columns is-layout-flex wp-container-core-columns-is-layout-9d6595d7 wp-block-columns-is-layout-flex\">\n<div class=\"wp-block-column is-layout-flow wp-block-column-is-layout-flow\">\n<div class=\"wp-block-getwid-images-stack is-layout-delta\"><div class=\"wp-block-getwid-images-stack__wrapper\"><div class=\"wp-block-getwid-images-stack__chunk\"><div class=\"wp-block-getwid-images-stack__media-wrapper\"><div class=\"wp-block-getwid-images-stack__media-inner-wrapper\"><img loading=\"lazy\" decoding=\"async\" width=\"640\" height=\"494\" class=\"wp-block-getwid-images-stack__media wp-image-1122\" src=\"https:\/\/www.hotel-haus-christa.de\/wp-content\/uploads\/2020\/03\/trier-2635918_640.jpg\" data-id=\"1122\" data-link=\"https:\/\/www.hotel-haus-christa.de\/home\/umgebung\/trier-2635918_640\/\" srcset=\"https:\/\/www.hotel-haus-christa.de\/wp-content\/uploads\/2020\/03\/trier-2635918_640.jpg 640w, https:\/\/www.hotel-haus-christa.de\/wp-content\/uploads\/2020\/03\/trier-2635918_640-300x232.jpg 300w\" sizes=\"(max-width: 640px) 100vw, 640px\" \/><\/div><\/div><div class=\"wp-block-getwid-images-stack__media-wrapper\"><div class=\"wp-block-getwid-images-stack__media-inner-wrapper\"><img loading=\"lazy\" decoding=\"async\" width=\"359\" height=\"640\" class=\"wp-block-getwid-images-stack__media wp-image-1123\" src=\"https:\/\/www.hotel-haus-christa.de\/wp-content\/uploads\/2020\/03\/trier-817919_640.jpg\" data-id=\"1123\" data-link=\"https:\/\/www.hotel-haus-christa.de\/home\/umgebung\/trier-817919_640\/\" srcset=\"https:\/\/www.hotel-haus-christa.de\/wp-content\/uploads\/2020\/03\/trier-817919_640.jpg 359w, https:\/\/www.hotel-haus-christa.de\/wp-content\/uploads\/2020\/03\/trier-817919_640-168x300.jpg 168w\" sizes=\"(max-width: 359px) 100vw, 359px\" \/><\/div><\/div><div class=\"wp-block-getwid-images-stack__media-wrapper\"><div class=\"wp-block-getwid-images-stack__media-inner-wrapper\"><img loading=\"lazy\" decoding=\"async\" width=\"640\" height=\"426\" class=\"wp-block-getwid-images-stack__media wp-image-1124\" src=\"https:\/\/www.hotel-haus-christa.de\/wp-content\/uploads\/2020\/03\/city-194368_640.jpg\" data-id=\"1124\" data-link=\"https:\/\/www.hotel-haus-christa.de\/home\/umgebung\/city-194368_640\/\" srcset=\"https:\/\/www.hotel-haus-christa.de\/wp-content\/uploads\/2020\/03\/city-194368_640.jpg 640w, https:\/\/www.hotel-haus-christa.de\/wp-content\/uploads\/2020\/03\/city-194368_640-300x200.jpg 300w\" sizes=\"(max-width: 640px) 100vw, 640px\" \/><\/div><\/div><\/div><\/div><\/div>\n<\/div>\n\n\n\n<div class=\"wp-block-column is-layout-flow wp-block-column-is-layout-flow\">\n<div class=\"wp-block-getwid-section\"><div class=\"wp-block-getwid-section__wrapper getwid-padding-top-none getwid-padding-bottom-none getwid-padding-left-none getwid-padding-tablet-right-none\" style=\"padding-right:30px\"><div class=\"wp-block-getwid-section__inner-wrapper\"><div class=\"wp-block-getwid-section__background-holder\"><div class=\"wp-block-getwid-section__background\"><\/div><div class=\"wp-block-getwid-section__foreground\"><\/div><\/div><div class=\"wp-block-getwid-section__content\"><div class=\"wp-block-getwid-section__inner-content\">\n<div class=\"wp-block-getwid-advanced-heading is-style-style-1 has-custom-font-size\" style=\"font-size:12px;margin-bottom:10px\"><p class=\"wp-block-getwid-advanced-heading__content\" style=\"text-transform:uppercase;letter-spacing:1px\">Historische Orte<\/p><\/div>\n\n\n\n<div class=\"wp-block-getwid-advanced-heading is-style-default\" style=\"margin-bottom:30px\"><h2 class=\"wp-block-getwid-advanced-heading__content\" style=\"text-transform:none;letter-spacing:1px\">Trier<\/h2><\/div>\n\n\n\n<p> Trier, die \u00e4lteste Stadt Deutschlands mit der Porta Nigra <\/p>\n\n\n\n<div style=\"height:20px\" aria-hidden=\"true\" class=\"wp-block-spacer\"><\/div>\n<\/div><\/div><\/div><\/div><\/div>\n<\/div>\n<\/div>\n<\/div><\/div><\/div><\/div><\/div>","protected":false},"excerpt":{"rendered":"<p>Zur linken die Mosel, zur rechten die Eifel ...<br \/>\n und mittendrin liegt Bad Bertrich, eingebettet zwischen W\u00e4ldern und H\u00fcgeln.<\/p>","protected":false},"author":2,"featured_media":1495,"parent":11,"menu_order":0,"comment_status":"closed","ping_status":"closed","template":"","meta":{"inline_featured_image":false,"footnotes":""},"class_list":["post-358","page","type-page","status-publish","has-post-thumbnail","hentry"],"_links":{"self":[{"href":"https:\/\/www.hotel-haus-christa.de\/nl\/wp-json\/wp\/v2\/pages\/358","targetHints":{"allow":["GET"]}}],"collection":[{"href":"https:\/\/www.hotel-haus-christa.de\/nl\/wp-json\/wp\/v2\/pages"}],"about":[{"href":"https:\/\/www.hotel-haus-christa.de\/nl\/wp-json\/wp\/v2\/types\/page"}],"author":[{"embeddable":true,"href":"https:\/\/www.hotel-haus-christa.de\/nl\/wp-json\/wp\/v2\/users\/2"}],"replies":[{"embeddable":true,"href":"https:\/\/www.hotel-haus-christa.de\/nl\/wp-json\/wp\/v2\/comments?post=358"}],"version-history":[{"count":0,"href":"https:\/\/www.hotel-haus-christa.de\/nl\/wp-json\/wp\/v2\/pages\/358\/revisions"}],"up":[{"embeddable":true,"href":"https:\/\/www.hotel-haus-christa.de\/nl\/wp-json\/wp\/v2\/pages\/11"}],"wp:featuredmedia":[{"embeddable":true,"href":"https:\/\/www.hotel-haus-christa.de\/nl\/wp-json\/wp\/v2\/media\/1495"}],"wp:attachment":[{"href":"https:\/\/www.hotel-haus-christa.de\/nl\/wp-json\/wp\/v2\/media?parent=358"}],"curies":[{"name":"wp","href":"https:\/\/api.w.org\/{rel}","templated":true}]}}